{"id":154,"date":"2023-10-27T15:05:26","date_gmt":"2023-10-27T15:05:26","guid":{"rendered":"https:\/\/tgstreinamentos-ead.com.br\/?post_type=product&#038;p=154"},"modified":"2025-09-19T20:08:20","modified_gmt":"2025-09-19T20:08:20","slug":"nr-26-sinalizacao-de-seguranca-no-geral","status":"publish","type":"product","link":"https:\/\/tgstreinamentos-ead.com.br\/index.php\/product\/nr-26-sinalizacao-de-seguranca-no-geral\/","title":{"rendered":"NR 26 &#8211; SINALIZA\u00c7\u00c3O DE SEGURAN\u00c7A NO GERAL"},"content":{"rendered":"","protected":false},"excerpt":{"rendered":"","protected":false},"featured_media":155,"comment_status":"open","ping_status":"closed","template":"","meta":[],"product_cat":[33],"product_tag":[],"jetpack_sharing_enabled":true,"_links":{"self":[{"href":"https:\/\/tgstreinamentos-ead.com.br\/index.php\/wp-json\/wp\/v2\/product\/154"}],"collection":[{"href":"https:\/\/tgstreinamentos-ead.com.br\/index.php\/wp-json\/wp\/v2\/product"}],"about":[{"href":"https:\/\/tgstreinamentos-ead.com.br\/index.php\/wp-json\/wp\/v2\/types\/product"}],"replies":[{"embeddable":true,"href":"https:\/\/tgstreinamentos-ead.com.br\/index.php\/wp-json\/wp\/v2\/comments?post=154"}],"wp:featuredmedia":[{"embeddable":true,"href":"https:\/\/tgstreinamentos-ead.com.br\/index.php\/wp-json\/wp\/v2\/media\/155"}],"wp:attachment":[{"href":"https:\/\/tgstreinamentos-ead.com.br\/index.php\/wp-json\/wp\/v2\/media?parent=154"}],"wp:term":[{"taxonomy":"product_cat","embeddable":true,"href":"https:\/\/tgstreinamentos-ead.com.br\/index.php\/wp-json\/wp\/v2\/product_cat?post=154"},{"taxonomy":"product_tag","embeddable":true,"href":"https:\/\/tgstreinamentos-ead.com.br\/index.php\/wp-json\/wp\/v2\/product_tag?post=154"}],"curies":[{"name":"wp","href":"https:\/\/api.w.org\/{rel}","templated":true}]}}